{"id":729,"date":"2025-01-29T22:49:41","date_gmt":"2025-01-29T21:49:41","guid":{"rendered":"https:\/\/gadyacuambi.gob.ec\/?page_id=729"},"modified":"2025-01-29T22:50:26","modified_gmt":"2025-01-29T21:50:26","slug":"pueblo-saraguro","status":"publish","type":"page","link":"https:\/\/gadyacuambi.gob.ec\/index.php\/pueblo-saraguro\/","title":{"rendered":"Pueblo Saraguro"},"content":{"rendered":"\t\t<div data-elementor-type=\"wp-page\" data-elementor-id=\"729\" class=\"elementor elementor-729\" data-elementor-post-type=\"page\">\n\t\t\t\t<div class=\"elementor-element elementor-element-6406b04 e-flex e-con-boxed e-con e-parent\" data-id=\"6406b04\" data-element_type=\"container\">\n\t\t\t\t\t<div class=\"e-con-inner\">\n\t\t\t\t<div class=\"elementor-element elementor-element-90e76f9 elementor-widget elementor-widget-image\" data-id=\"90e76f9\" data-element_type=\"widget\" data-widget_type=\"image.default\">\n\t\t\t\t<div class=\"elementor-widget-container\">\n\t\t\t\t\t\t\t\t\t\t\t\t\t\t\t<img fetchpriority=\"high\" decoding=\"async\" width=\"1024\" height=\"683\" src=\"https:\/\/gadyacuambi.gob.ec\/wp-content\/uploads\/2025\/01\/Saraguro-1024x683.jpg\" class=\"attachment-large size-large wp-image-519\" alt=\"\" srcset=\"https:\/\/gadyacuambi.gob.ec\/wp-content\/uploads\/2025\/01\/Saraguro-1024x683.jpg 1024w, https:\/\/gadyacuambi.gob.ec\/wp-content\/uploads\/2025\/01\/Saraguro-300x200.jpg 300w, https:\/\/gadyacuambi.gob.ec\/wp-content\/uploads\/2025\/01\/Saraguro-768x512.jpg 768w, https:\/\/gadyacuambi.gob.ec\/wp-content\/uploads\/2025\/01\/Saraguro-1536x1024.jpg 1536w, https:\/\/gadyacuambi.gob.ec\/wp-content\/uploads\/2025\/01\/Saraguro-1170x780.jpg 1170w, https:\/\/gadyacuambi.gob.ec\/wp-content\/uploads\/2025\/01\/Saraguro.jpg 1920w\" sizes=\"(max-width: 1024px) 100vw, 1024px\" \/>\t\t\t\t\t\t\t\t\t\t\t\t\t\t\t<\/div>\n\t\t\t\t<\/div>\n\t\t\t\t\t<\/div>\n\t\t\t\t<\/div>\n\t\t<div class=\"elementor-element elementor-element-680c8b5 e-flex e-con-boxed e-con e-parent\" data-id=\"680c8b5\" data-element_type=\"container\">\n\t\t\t\t\t<div class=\"e-con-inner\">\n\t\t\t\t<div class=\"elementor-element elementor-element-92c7cab elementor-widget elementor-widget-text-editor\" data-id=\"92c7cab\" data-element_type=\"widget\" data-widget_type=\"text-editor.default\">\n\t\t\t\t<div class=\"elementor-widget-container\">\n\t\t\t\t\t\t\t\t\t<p>Con las migraciones provenientes de Loja, llegaron a este territorio tambi\u00e9n descendiente de la cultura Saraguro, un grupo \u00e9tnico que se ha destacado significativamente en esta regi\u00f3n.<\/p><p>Mantienen sus costumbres y tradiciones como: la vestimenta, collares de mullo, elaboraci\u00f3n de canastas de fibras vegetales, tejidos, danza y m\u00fasica propia. Aunque su lengua materna es el Quichua, demuestran un dominio perfecto del espa\u00f1ol. Esta comunidad se distingue por su compromiso con el crecimiento personal, sin perder de vista su identidad y origen.<\/p><p>Permanecen siempre atentos al cuidado y preservaci\u00f3n de su invaluable riqueza cultural.<\/p><p>Fuente y Elaboraci\u00f3n: Equipo Consultor.<\/p>\t\t\t\t\t\t\t\t<\/div>\n\t\t\t\t<\/div>\n\t\t\t\t\t<\/div>\n\t\t\t\t<\/div>\n\t\t\t\t<\/div>\n\t\t","protected":false},"excerpt":{"rendered":"<p>Con las migraciones provenientes de Loja, llegaron a este territorio tambi\u00e9n descendiente de la cultura Saraguro, un grupo \u00e9tnico que se ha destacado significativamente en esta regi\u00f3n. Mantienen sus costumbres y tradiciones como: la vestimenta, collares de mullo, elaboraci\u00f3n de canastas de fibras vegetales, tejidos, danza y m\u00fasica propia. Aunque su lengua materna es el [&hellip;]<\/p>\n","protected":false},"author":1,"featured_media":0,"parent":0,"menu_order":0,"comment_status":"closed","ping_status":"closed","template":"","meta":{"footnotes":""},"class_list":["post-729","page","type-page","status-publish","hentry"],"_links":{"self":[{"href":"https:\/\/gadyacuambi.gob.ec\/index.php\/wp-json\/wp\/v2\/pages\/729","targetHints":{"allow":["GET"]}}],"collection":[{"href":"https:\/\/gadyacuambi.gob.ec\/index.php\/wp-json\/wp\/v2\/pages"}],"about":[{"href":"https:\/\/gadyacuambi.gob.ec\/index.php\/wp-json\/wp\/v2\/types\/page"}],"author":[{"embeddable":true,"href":"https:\/\/gadyacuambi.gob.ec\/index.php\/wp-json\/wp\/v2\/users\/1"}],"replies":[{"embeddable":true,"href":"https:\/\/gadyacuambi.gob.ec\/index.php\/wp-json\/wp\/v2\/comments?post=729"}],"version-history":[{"count":0,"href":"https:\/\/gadyacuambi.gob.ec\/index.php\/wp-json\/wp\/v2\/pages\/729\/revisions"}],"wp:attachment":[{"href":"https:\/\/gadyacuambi.gob.ec\/index.php\/wp-json\/wp\/v2\/media?parent=729"}],"curies":[{"name":"wp","href":"https:\/\/api.w.org\/{rel}","templated":true}]}}