{"id":724,"date":"2025-01-29T22:44:00","date_gmt":"2025-01-29T21:44:00","guid":{"rendered":"https:\/\/gadyacuambi.gob.ec\/?page_id=724"},"modified":"2025-01-30T17:27:34","modified_gmt":"2025-01-30T16:27:34","slug":"cultura-mestizo","status":"publish","type":"page","link":"https:\/\/gadyacuambi.gob.ec\/index.php\/cultura-mestizo\/","title":{"rendered":"Pueblo Mestizo"},"content":{"rendered":"\t\t<div data-elementor-type=\"wp-page\" data-elementor-id=\"724\" class=\"elementor elementor-724\" data-elementor-post-type=\"page\">\n\t\t\t\t<div class=\"elementor-element elementor-element-ee8f6c1 e-flex e-con-boxed e-con e-parent\" data-id=\"ee8f6c1\" data-element_type=\"container\">\n\t\t\t\t\t<div class=\"e-con-inner\">\n\t\t\t\t<div class=\"elementor-element elementor-element-524eec1 elementor-widget elementor-widget-image\" data-id=\"524eec1\" data-element_type=\"widget\" data-widget_type=\"image.default\">\n\t\t\t\t<div class=\"elementor-widget-container\">\n\t\t\t\t\t\t\t\t\t\t\t\t\t\t\t<img fetchpriority=\"high\" decoding=\"async\" width=\"1024\" height=\"683\" src=\"https:\/\/gadyacuambi.gob.ec\/wp-content\/uploads\/2025\/01\/Mestizo-1024x683.jpg\" class=\"attachment-large size-large wp-image-521\" alt=\"\" srcset=\"https:\/\/gadyacuambi.gob.ec\/wp-content\/uploads\/2025\/01\/Mestizo-1024x683.jpg 1024w, https:\/\/gadyacuambi.gob.ec\/wp-content\/uploads\/2025\/01\/Mestizo-300x200.jpg 300w, https:\/\/gadyacuambi.gob.ec\/wp-content\/uploads\/2025\/01\/Mestizo-768x512.jpg 768w, https:\/\/gadyacuambi.gob.ec\/wp-content\/uploads\/2025\/01\/Mestizo-1536x1024.jpg 1536w, https:\/\/gadyacuambi.gob.ec\/wp-content\/uploads\/2025\/01\/Mestizo-1170x780.jpg 1170w, https:\/\/gadyacuambi.gob.ec\/wp-content\/uploads\/2025\/01\/Mestizo.jpg 1920w\" sizes=\"(max-width: 1024px) 100vw, 1024px\" \/>\t\t\t\t\t\t\t\t\t\t\t\t\t\t\t<\/div>\n\t\t\t\t<\/div>\n\t\t\t\t<div class=\"elementor-element elementor-element-5ce181b elementor-widget elementor-widget-text-editor\" data-id=\"5ce181b\" data-element_type=\"widget\" data-widget_type=\"text-editor.default\">\n\t\t\t\t<div class=\"elementor-widget-container\">\n\t\t\t\t\t\t\t\t\t<p>Tiene sus ra\u00edces en un primer momento con la llegada de los colonos de las provincias de Loja y el Azuay la misma que se dio a mediados del siglo XIX; en un segundo momento desde las primeras d\u00e9cadas del siglo XX; se dedican a la agricultura, ganader\u00eda y explotaci\u00f3n del oro; con el pasar de los a\u00f1os se han incorporado migrantes mestizos de diferentes partes del pa\u00eds. La organizaci\u00f3n social de esta cultura se basa en la familia a trav\u00e9s del matrimonio, conservando la pertenencia a un mismo nivel econ\u00f3mico, pero si evitan alianzas entre parientes cercanos en primer grado de afinidad o consanguinidad. La divisi\u00f3n de roles se encuentra bien diferenciada; el hombre se encarga de trabajar para mantener su hogar; mientras que la mujer se encarga del cuidado de la familia, y del hogar. En algunos casos, los esposos apoyan a sus esposas; debido a la migraci\u00f3n de los hombres hacia campamentos mineros, ciudades o al extranjero, las mujeres han tomado a cargo la jefatura de hogar, las responsabilidades internas de sus barrios, o la gesti\u00f3n externa.<\/p><p>Fotograf\u00eda 47 Grupo Cultural Mestizo<\/p><p>Fuente y Elaboraci\u00f3n: Equipo Consultor<\/p>\t\t\t\t\t\t\t\t<\/div>\n\t\t\t\t<\/div>\n\t\t\t\t\t<\/div>\n\t\t\t\t<\/div>\n\t\t\t\t<\/div>\n\t\t","protected":false},"excerpt":{"rendered":"<p>Tiene sus ra\u00edces en un primer momento con la llegada de los colonos de las provincias de Loja y el Azuay la misma que se dio a mediados del siglo XIX; en un segundo momento desde las primeras d\u00e9cadas del siglo XX; se dedican a la agricultura, ganader\u00eda y explotaci\u00f3n del oro; con el pasar [&hellip;]<\/p>\n","protected":false},"author":1,"featured_media":0,"parent":0,"menu_order":0,"comment_status":"closed","ping_status":"closed","template":"","meta":{"footnotes":""},"class_list":["post-724","page","type-page","status-publish","hentry"],"_links":{"self":[{"href":"https:\/\/gadyacuambi.gob.ec\/index.php\/wp-json\/wp\/v2\/pages\/724","targetHints":{"allow":["GET"]}}],"collection":[{"href":"https:\/\/gadyacuambi.gob.ec\/index.php\/wp-json\/wp\/v2\/pages"}],"about":[{"href":"https:\/\/gadyacuambi.gob.ec\/index.php\/wp-json\/wp\/v2\/types\/page"}],"author":[{"embeddable":true,"href":"https:\/\/gadyacuambi.gob.ec\/index.php\/wp-json\/wp\/v2\/users\/1"}],"replies":[{"embeddable":true,"href":"https:\/\/gadyacuambi.gob.ec\/index.php\/wp-json\/wp\/v2\/comments?post=724"}],"version-history":[{"count":0,"href":"https:\/\/gadyacuambi.gob.ec\/index.php\/wp-json\/wp\/v2\/pages\/724\/revisions"}],"wp:attachment":[{"href":"https:\/\/gadyacuambi.gob.ec\/index.php\/wp-json\/wp\/v2\/media?parent=724"}],"curies":[{"name":"wp","href":"https:\/\/api.w.org\/{rel}","templated":true}]}}