{"id":712,"date":"2025-01-29T22:33:39","date_gmt":"2025-01-29T21:33:39","guid":{"rendered":"https:\/\/gadyacuambi.gob.ec\/?page_id=712"},"modified":"2025-01-30T14:23:58","modified_gmt":"2025-01-30T13:23:58","slug":"grupo-cultural-shuar","status":"publish","type":"page","link":"https:\/\/gadyacuambi.gob.ec\/index.php\/grupo-cultural-shuar\/","title":{"rendered":"Pueblo Shuar"},"content":{"rendered":"\t\t<div data-elementor-type=\"wp-page\" data-elementor-id=\"712\" class=\"elementor elementor-712\" data-elementor-post-type=\"page\">\n\t\t\t\t<div class=\"elementor-element elementor-element-d3d37cf e-flex e-con-boxed e-con e-parent\" data-id=\"d3d37cf\" data-element_type=\"container\">\n\t\t\t\t\t<div class=\"e-con-inner\">\n\t\t\t\t<div class=\"elementor-element elementor-element-f0e76a9 elementor-widget elementor-widget-image\" data-id=\"f0e76a9\" data-element_type=\"widget\" data-widget_type=\"image.default\">\n\t\t\t\t<div class=\"elementor-widget-container\">\n\t\t\t\t\t\t\t\t\t\t\t\t\t\t\t<img fetchpriority=\"high\" decoding=\"async\" width=\"1024\" height=\"683\" src=\"https:\/\/gadyacuambi.gob.ec\/wp-content\/uploads\/2025\/01\/Shuar-1024x683.jpg\" class=\"attachment-large size-large wp-image-520\" alt=\"\" srcset=\"https:\/\/gadyacuambi.gob.ec\/wp-content\/uploads\/2025\/01\/Shuar-1024x683.jpg 1024w, https:\/\/gadyacuambi.gob.ec\/wp-content\/uploads\/2025\/01\/Shuar-300x200.jpg 300w, https:\/\/gadyacuambi.gob.ec\/wp-content\/uploads\/2025\/01\/Shuar-768x512.jpg 768w, https:\/\/gadyacuambi.gob.ec\/wp-content\/uploads\/2025\/01\/Shuar-1536x1024.jpg 1536w, https:\/\/gadyacuambi.gob.ec\/wp-content\/uploads\/2025\/01\/Shuar-1170x780.jpg 1170w, https:\/\/gadyacuambi.gob.ec\/wp-content\/uploads\/2025\/01\/Shuar.jpg 1920w\" sizes=\"(max-width: 1024px) 100vw, 1024px\" \/>\t\t\t\t\t\t\t\t\t\t\t\t\t\t\t<\/div>\n\t\t\t\t<\/div>\n\t\t\t\t\t<\/div>\n\t\t\t\t<\/div>\n\t\t<div class=\"elementor-element elementor-element-3bc3e16 e-flex e-con-boxed e-con e-parent\" data-id=\"3bc3e16\" data-element_type=\"container\">\n\t\t\t\t\t<div class=\"e-con-inner\">\n\t\t\t\t<div class=\"elementor-element elementor-element-00b4c55 elementor-widget elementor-widget-text-editor\" data-id=\"00b4c55\" data-element_type=\"widget\" data-widget_type=\"text-editor.default\">\n\t\t\t\t<div class=\"elementor-widget-container\">\n\t\t\t\t\t\t\t\t\t<p>Los primeros habitantes de este cant\u00f3n fueron los integrantes de la etnia Shuar; la vestimenta tradicional del hombre Shuar consiste en un lienzo de algod\u00f3n de color caf\u00e9, conocido como \u00abItipi\u00bb, que lo envuelve de la cintura hacia abajo. Por otro lado, la vestimenta femenina, denominada \u00abTarach\u00bb, es una t\u00fanica que cubre todo el cuerpo de la mujer, en la cintura lleva una faja tejida, y su rostro est\u00e1 tatuada con achiote y una tintura negra azulada obtenida de la corteza llamada zulla.<\/p>\n<p>Ambos complementan su atuendo con collares confeccionados a partir de semillas, plumas o dientes de animales locales, mientras que sus pies siempre permanecen descalzos. Es importante acotar que la etnia Shuar es nativa de las provincias de Zamora Chinchipe y Morona Santiago, fue la primera en vivir en este cant\u00f3n; lamentablemente, debido a varios factores como la colonizaci\u00f3n y migraci\u00f3n, se est\u00e1 perdiendo sus costumbres y en su mayor\u00eda ya no hablan el idioma shuar. Adem\u00e1s, ciertas pr\u00e1cticas culturales, como la vestimenta tradicional, est\u00e1n desapareciendo y se han visto influenciados por las costumbres de los colonos de la regi\u00f3n.<\/p>\n<p>Fuente: https:\/\/ec.viajandox.com\/shuar<br><span style=\"color: var(--wp--preset--color--text-regular); font-family: var( --e-global-typography-text-font-family ), Sans-serif; font-weight: var( --e-global-typography-text-font-weight ); text-align: var(--text-align); background-color: var(--wp--preset--color--tertiary); font-size: var(--wp--preset--font-size--base);\">Elaboraci\u00f3n: Equipo Consultor<\/span><\/p>\t\t\t\t\t\t\t\t<\/div>\n\t\t\t\t<\/div>\n\t\t\t\t\t<\/div>\n\t\t\t\t<\/div>\n\t\t\t\t<\/div>\n\t\t","protected":false},"excerpt":{"rendered":"<p>Los primeros habitantes de este cant\u00f3n fueron los integrantes de la etnia Shuar; la vestimenta tradicional del hombre Shuar consiste en un lienzo de algod\u00f3n de color caf\u00e9, conocido como \u00abItipi\u00bb, que lo envuelve de la cintura hacia abajo. Por otro lado, la vestimenta femenina, denominada \u00abTarach\u00bb, es una t\u00fanica que cubre todo el cuerpo [&hellip;]<\/p>\n","protected":false},"author":1,"featured_media":0,"parent":0,"menu_order":0,"comment_status":"closed","ping_status":"closed","template":"","meta":{"footnotes":""},"class_list":["post-712","page","type-page","status-publish","hentry"],"_links":{"self":[{"href":"https:\/\/gadyacuambi.gob.ec\/index.php\/wp-json\/wp\/v2\/pages\/712","targetHints":{"allow":["GET"]}}],"collection":[{"href":"https:\/\/gadyacuambi.gob.ec\/index.php\/wp-json\/wp\/v2\/pages"}],"about":[{"href":"https:\/\/gadyacuambi.gob.ec\/index.php\/wp-json\/wp\/v2\/types\/page"}],"author":[{"embeddable":true,"href":"https:\/\/gadyacuambi.gob.ec\/index.php\/wp-json\/wp\/v2\/users\/1"}],"replies":[{"embeddable":true,"href":"https:\/\/gadyacuambi.gob.ec\/index.php\/wp-json\/wp\/v2\/comments?post=712"}],"version-history":[{"count":0,"href":"https:\/\/gadyacuambi.gob.ec\/index.php\/wp-json\/wp\/v2\/pages\/712\/revisions"}],"wp:attachment":[{"href":"https:\/\/gadyacuambi.gob.ec\/index.php\/wp-json\/wp\/v2\/media?parent=712"}],"curies":[{"name":"wp","href":"https:\/\/api.w.org\/{rel}","templated":true}]}}