{"id":515,"date":"2025-01-24T14:47:47","date_gmt":"2025-01-24T13:47:47","guid":{"rendered":"https:\/\/gadyacuambi.gob.ec\/?page_id=515"},"modified":"2025-02-05T20:16:55","modified_gmt":"2025-02-05T19:16:55","slug":"mision","status":"publish","type":"page","link":"https:\/\/gadyacuambi.gob.ec\/index.php\/mision\/","title":{"rendered":"Misi\u00f3n y Visi\u00f3n"},"content":{"rendered":"\n\n<style>\/*! elementor - v3.19.0 - 07-02-2024 *\/<br \/>\n.elementor-heading-title{padding:0;margin:0;line-height:1}.elementor-widget-heading .elementor-heading-title[class*=elementor-size-]>a{color:inherit;font-size:inherit;line-height:inherit}.elementor-widget-heading .elementor-heading-title.elementor-size-small{font-size:15px}.elementor-widget-heading .elementor-heading-title.elementor-size-medium{font-size:19px}.elementor-widget-heading .elementor-heading-title.elementor-size-large{font-size:29px}.elementor-widget-heading .elementor-heading-title.elementor-size-xl{font-size:39px}.elementor-widget-heading .elementor-heading-title.elementor-size-xxl{font-size:59px}<\/style>\n<h2>Misi\u00f3n<\/h2>\n<p>Contribuir al mejoramiento de la calidad de vida de los habitantes del cant\u00f3n Yacuambi, actuando como instituci\u00f3n planificadora, reguladora y facilitadora del desarrollo humano y socio econ\u00f3mico integral, mediante una gesti\u00f3n que respete la biodiversidad y la diversidad cultural con acciones eficientes participativas y transparentes, siendo los ciudadanos constructores de su propio bienestar, enmarcados en el plan de desarrollo y ordenamiento cantonal.<\/p>\n<h2>Visi\u00f3n<\/h2>\n<p>El Gobierno Aut\u00f3nomo Descentralizado Municipal del cant\u00f3n Yacuambi trabajar\u00e1 de manera sostenida acorde a lo concertado en el plan de desarrollo y ordenamiento cantonal, por el mejoramiento de la calidad de vida de sus habitantes, producto de la aplicaci\u00f3n de pol\u00edticas participativas de desarrollo, aprovechando sus potencialidades y oportunidades, en el marco de la interculturalidad, solidaridad, tolerancia, reciprocidad y transparencia.<\/p>\n\n\n<p><\/p>\n","protected":false},"excerpt":{"rendered":"<p>Misi\u00f3n Contribuir al mejoramiento de la calidad de vida de los habitantes del cant\u00f3n Yacuambi, actuando como instituci\u00f3n planificadora, reguladora y facilitadora del desarrollo humano y socio econ\u00f3mico integral, mediante una gesti\u00f3n que respete la biodiversidad y la diversidad cultural con acciones eficientes participativas y transparentes, siendo los ciudadanos constructores de su propio bienestar, enmarcados [&hellip;]<\/p>\n","protected":false},"author":1,"featured_media":0,"parent":0,"menu_order":0,"comment_status":"closed","ping_status":"closed","template":"","meta":{"footnotes":""},"class_list":["post-515","page","type-page","status-publish","hentry"],"_links":{"self":[{"href":"https:\/\/gadyacuambi.gob.ec\/index.php\/wp-json\/wp\/v2\/pages\/515","targetHints":{"allow":["GET"]}}],"collection":[{"href":"https:\/\/gadyacuambi.gob.ec\/index.php\/wp-json\/wp\/v2\/pages"}],"about":[{"href":"https:\/\/gadyacuambi.gob.ec\/index.php\/wp-json\/wp\/v2\/types\/page"}],"author":[{"embeddable":true,"href":"https:\/\/gadyacuambi.gob.ec\/index.php\/wp-json\/wp\/v2\/users\/1"}],"replies":[{"embeddable":true,"href":"https:\/\/gadyacuambi.gob.ec\/index.php\/wp-json\/wp\/v2\/comments?post=515"}],"version-history":[{"count":0,"href":"https:\/\/gadyacuambi.gob.ec\/index.php\/wp-json\/wp\/v2\/pages\/515\/revisions"}],"wp:attachment":[{"href":"https:\/\/gadyacuambi.gob.ec\/index.php\/wp-json\/wp\/v2\/media?parent=515"}],"curies":[{"name":"wp","href":"https:\/\/api.w.org\/{rel}","templated":true}]}}